{"id":3626,"date":"2021-06-08T18:14:03","date_gmt":"2021-06-08T16:14:03","guid":{"rendered":"https:\/\/chateaudeterride.com\/produit\/chateau-ancestral-method-white\/"},"modified":"2023-02-01T10:44:41","modified_gmt":"2023-02-01T09:44:41","slug":"chateau-methode-ancestrale-blanc","status":"publish","type":"product","link":"https:\/\/chateaudeterride.com\/en\/produit\/chateau-methode-ancestrale-blanc\/","title":{"rendered":"Ch\u00e2teau &#8211; Ancestral method white"},"content":{"rendered":"<p><span style=\"font-size: 14pt; color: #000000;\"><strong><span class=\"PBLongTxt\">BOX OF 6 Ancestral method<br \/>\n<\/span><\/strong><\/span><\/p>\n<p><span style=\"font-size: 14pt; color: #000000;\">So <strong>11.00 \u20ac<\/strong> the <a href=\"https:\/\/chateaudeterride.com\/boutique\/\">bottle<\/a><\/span><\/p>\n<p><i>Pale yellow color<br \/>\n<\/i><i>Fine and pleasant nose marked by aromas of green apple. Tart and pleasant mouth with a fine and regular effervescence.<\/i><\/p>\n<p>The ancestral method is a method of elaboration of wines made effervescent.<\/p>\n<p>The ancestral method consists in <a href=\"https:\/\/avis-vin.lefigaro.fr\/connaitre-deguster\/tout-savoir-sur-le-vin\/guide-des-regions-et-des-appellations\/languedoc\/appellation-blanquette-methode-ancestrale\">bottling the wine<\/a> while the fermentation is not finished.<\/p>\n<p>It is a very old method which contributed to the reputation of the wines of Gaillac and this since the XXth century. The natural elaboration of the ancestral method or Gaillacoise method is simple. It does not require the addition of sugar. Indeed, the process of creating the foam is done by the sugar of the grape. This one ensures the fermentation and the setting of foam and its residual sugar.<\/p>\n<p><strong><em>Gold medal at the Concours G\u00e9n\u00e9ral de Paris 2017<\/em><\/strong><\/p>\n<p><img loading=\"lazy\" decoding=\"async\" class=\"wp-image-1259 alignleft\" src=\"https:\/\/chateaudeterride.com\/wp-content\/uploads\/2021\/06\/couvert.jpg\" alt=\"\" width=\"67\" height=\"66\" srcset=\"https:\/\/chateaudeterride.com\/wp-content\/uploads\/2021\/06\/couvert.jpg 216w, https:\/\/chateaudeterride.com\/wp-content\/uploads\/2021\/06\/couvert-150x150.jpg 150w, https:\/\/chateaudeterride.com\/wp-content\/uploads\/2021\/06\/couvert-100x100.jpg 100w\" sizes=\"auto, (max-width: 67px) 100vw, 67px\" \/><b><\/b><\/p>\n<p><b><br \/>\nAperitif, dessert<\/b><\/p>\n<p><img loading=\"lazy\" decoding=\"async\" class=\"wp-image-1257 alignleft\" src=\"https:\/\/chateaudeterride.com\/wp-content\/uploads\/2021\/06\/cepages-150x150.jpg\" alt=\"\" width=\"67\" height=\"67\" srcset=\"https:\/\/chateaudeterride.com\/wp-content\/uploads\/2021\/06\/cepages-150x150.jpg 150w, https:\/\/chateaudeterride.com\/wp-content\/uploads\/2021\/06\/cepages-100x100.jpg 100w, https:\/\/chateaudeterride.com\/wp-content\/uploads\/2021\/06\/cepages.jpg 216w\" sizes=\"auto, (max-width: 67px) 100vw, 67px\" \/><br \/>\n<b>100% Mauzac<\/b><\/p>\n<p><img loading=\"lazy\" decoding=\"async\" class=\" wp-image-1261 alignleft\" src=\"https:\/\/chateaudeterride.com\/wp-content\/uploads\/2021\/06\/sol-150x150.jpg\" alt=\"\" width=\"60\" height=\"60\" srcset=\"https:\/\/chateaudeterride.com\/wp-content\/uploads\/2021\/06\/sol-150x150.jpg 150w, https:\/\/chateaudeterride.com\/wp-content\/uploads\/2021\/06\/sol-100x100.jpg 100w, https:\/\/chateaudeterride.com\/wp-content\/uploads\/2021\/06\/sol.jpg 216w\" sizes=\"auto, (max-width: 60px) 100vw, 60px\" \/><br \/>\n<b>100% Clay-limestone<\/b><\/p>\n<p><img loading=\"lazy\" decoding=\"async\" class=\" wp-image-1260 alignleft\" src=\"https:\/\/chateaudeterride.com\/wp-content\/uploads\/2021\/06\/degres-150x150.jpg\" alt=\"\" width=\"64\" height=\"64\" srcset=\"https:\/\/chateaudeterride.com\/wp-content\/uploads\/2021\/06\/degres-150x150.jpg 150w, https:\/\/chateaudeterride.com\/wp-content\/uploads\/2021\/06\/degres-100x100.jpg 100w, https:\/\/chateaudeterride.com\/wp-content\/uploads\/2021\/06\/degres.jpg 216w\" sizes=\"auto, (max-width: 64px) 100vw, 64px\" \/><\/p>\n<p><b><br \/>\n8\u00b0<\/b><\/p>\n<p><img loading=\"lazy\" decoding=\"async\" class=\" wp-image-1258 alignleft\" src=\"https:\/\/chateaudeterride.com\/wp-content\/uploads\/2021\/06\/conservation-150x150.jpg\" alt=\"\" width=\"66\" height=\"66\" srcset=\"https:\/\/chateaudeterride.com\/wp-content\/uploads\/2021\/06\/conservation-150x150.jpg 150w, https:\/\/chateaudeterride.com\/wp-content\/uploads\/2021\/06\/conservation-100x100.jpg 100w, https:\/\/chateaudeterride.com\/wp-content\/uploads\/2021\/06\/conservation.jpg 216w\" sizes=\"auto, (max-width: 66px) 100vw, 66px\" \/><\/p>\n<p><span class=\"Apple-converted-space\"><br \/>\n<\/span><b>2 years<\/b><\/p>\n","protected":false},"excerpt":{"rendered":"<p>BOX OF 6 Ancestral method So 11.00 \u20ac the bottle Pale yellow color Fine and pleasant nose marked by aromas of green apple. Tart and pleasant mouth with a fine and regular effervescence. The ancestral method is a method of elaboration of wines made effervescent. The ancestral method consists in bottling the wine while the &#8230; <a title=\"Ch\u00e2teau &#8211; Ancestral method white\" class=\"read-more\" href=\"https:\/\/chateaudeterride.com\/en\/produit\/chateau-methode-ancestrale-blanc\/\" aria-label=\"More on Ch\u00e2teau &#8211; Ancestral method white\">Read more<\/a><\/p>\n","protected":false},"featured_media":3348,"comment_status":"open","ping_status":"closed","template":"","meta":[],"product_cat":[168],"product_tag":[205,171,206,193,192],"class_list":{"0":"post-3626","1":"product","2":"type-product","3":"status-publish","4":"has-post-thumbnail","6":"product_cat-castle","7":"product_tag-ancestral-method","8":"product_tag-gaillac-wine","9":"product_tag-gaillacoise-method","10":"product_tag-tarn-vineyard-en","11":"product_tag-wine-aoc-gaillac","12":"product_shipping_class-box-of-6-en","14":"first","15":"instock","16":"taxable","17":"shipping-taxable","18":"purchasable","19":"product-type-simple"},"yoast_head":"<!-- This site is optimized with the Yoast SEO plugin v22.0 - https:\/\/yoast.com\/wordpress\/plugins\/seo\/ -->\n<title>Ch\u00e2teau - Ancestral method white - CHATEAU DE TERRIDE<\/title>\n<meta name=\"description\" content=\"Discover the ancestral method of Ch\u00e2teau de Terride, a gold medal sparkling wine at the 2017 Paris Concours G\u00e9n\u00e9ral\" \/>\n<meta name=\"robots\" content=\"index, follow, max-snippet:-1, max-image-preview:large, max-video-preview:-1\" \/>\n<link rel=\"canonical\" href=\"https:\/\/chateaudeterride.com\/produit\/chateau-methode-ancestrale-blanc\/\" \/>\n<meta property=\"og:locale\" content=\"en_US\" \/>\n<meta property=\"og:type\" content=\"article\" \/>\n<meta property=\"og:title\" content=\"Ch\u00e2teau - Ancestral method white - CHATEAU DE TERRIDE\" \/>\n<meta property=\"og:description\" content=\"Discover the ancestral method of Ch\u00e2teau de Terride, a gold medal sparkling wine at the 2017 Paris Concours G\u00e9n\u00e9ral\" \/>\n<meta property=\"og:url\" content=\"https:\/\/chateaudeterride.com\/produit\/chateau-methode-ancestrale-blanc\/\" \/>\n<meta property=\"og:site_name\" content=\"CHATEAU DE TERRIDE\" \/>\n<meta property=\"article:publisher\" content=\"https:\/\/www.facebook.com\/chateauterride\/\" \/>\n<meta property=\"article:modified_time\" content=\"2023-02-01T09:44:41+00:00\" \/>\n<meta property=\"og:image\" content=\"https:\/\/chateaudeterride.com\/wp-content\/uploads\/2021\/06\/bulles-1-480x1024.png\" \/>\n\t<meta property=\"og:image:width\" content=\"480\" \/>\n\t<meta property=\"og:image:height\" content=\"1024\" \/>\n\t<meta property=\"og:image:type\" content=\"image\/png\" \/>\n<meta name=\"twitter:card\" content=\"summary_large_image\" \/>\n<meta name=\"twitter:label1\" content=\"Est. reading time\" \/>\n\t<meta name=\"twitter:data1\" content=\"1 minute\" \/>\n<script type=\"application\/ld+json\" class=\"yoast-schema-graph\">{\"@context\":\"https:\/\/schema.org\",\"@graph\":[{\"@type\":\"WebPage\",\"@id\":\"https:\/\/chateaudeterride.com\/produit\/chateau-methode-ancestrale-blanc\/\",\"url\":\"https:\/\/chateaudeterride.com\/produit\/chateau-methode-ancestrale-blanc\/\",\"name\":\"Ch\u00e2teau - Ancestral method white - CHATEAU DE TERRIDE\",\"isPartOf\":{\"@id\":\"https:\/\/chateaudeterride.com\/#website\"},\"datePublished\":\"2021-06-08T16:14:03+00:00\",\"dateModified\":\"2023-02-01T09:44:41+00:00\",\"description\":\"Discover the ancestral method of Ch\u00e2teau de Terride, a gold medal sparkling wine at the 2017 Paris Concours G\u00e9n\u00e9ral\",\"breadcrumb\":{\"@id\":\"https:\/\/chateaudeterride.com\/produit\/chateau-methode-ancestrale-blanc\/#breadcrumb\"},\"inLanguage\":\"en-US\",\"potentialAction\":[{\"@type\":\"ReadAction\",\"target\":[\"https:\/\/chateaudeterride.com\/produit\/chateau-methode-ancestrale-blanc\/\"]}]},{\"@type\":\"BreadcrumbList\",\"@id\":\"https:\/\/chateaudeterride.com\/produit\/chateau-methode-ancestrale-blanc\/#breadcrumb\",\"itemListElement\":[{\"@type\":\"ListItem\",\"position\":1,\"name\":\"Accueil\",\"item\":\"https:\/\/chateaudeterride.com\/\"},{\"@type\":\"ListItem\",\"position\":2,\"name\":\"Store\",\"item\":\"https:\/\/chateaudeterride.com\/en\/store\/\"},{\"@type\":\"ListItem\",\"position\":3,\"name\":\"Ch\u00e2teau &#8211; Ancestral method white\"}]},{\"@type\":\"WebSite\",\"@id\":\"https:\/\/chateaudeterride.com\/#website\",\"url\":\"https:\/\/chateaudeterride.com\/\",\"name\":\"CHATEAU DE TERRIDE\",\"description\":\"Vignoble de Gaillac - Gaillac - vins de Gaillac\",\"publisher\":{\"@id\":\"https:\/\/chateaudeterride.com\/#organization\"},\"potentialAction\":[{\"@type\":\"SearchAction\",\"target\":{\"@type\":\"EntryPoint\",\"urlTemplate\":\"https:\/\/chateaudeterride.com\/?s={search_term_string}\"},\"query-input\":\"required name=search_term_string\"}],\"inLanguage\":\"en-US\"},{\"@type\":\"Organization\",\"@id\":\"https:\/\/chateaudeterride.com\/#organization\",\"name\":\"CHATEAU DE TERRIDE\",\"url\":\"https:\/\/chateaudeterride.com\/\",\"logo\":{\"@type\":\"ImageObject\",\"inLanguage\":\"en-US\",\"@id\":\"https:\/\/chateaudeterride.com\/#\/schema\/logo\/image\/\",\"url\":\"https:\/\/chateaudeterride.com\/wp-content\/uploads\/2021\/12\/pistes-ok_logo2.jpg\",\"contentUrl\":\"https:\/\/chateaudeterride.com\/wp-content\/uploads\/2021\/12\/pistes-ok_logo2.jpg\",\"width\":596,\"height\":381,\"caption\":\"CHATEAU DE TERRIDE\"},\"image\":{\"@id\":\"https:\/\/chateaudeterride.com\/#\/schema\/logo\/image\/\"},\"sameAs\":[\"https:\/\/www.facebook.com\/chateauterride\/\",\"https:\/\/www.instagram.com\/chateaudeterride\/?hl=fr\"]}]}<\/script>\n<!-- \/ Yoast SEO plugin. -->","yoast_head_json":{"title":"Ch\u00e2teau - Ancestral method white - CHATEAU DE TERRIDE","description":"Discover the ancestral method of Ch\u00e2teau de Terride, a gold medal sparkling wine at the 2017 Paris Concours G\u00e9n\u00e9ral","robots":{"index":"index","follow":"follow","max-snippet":"max-snippet:-1","max-image-preview":"max-image-preview:large","max-video-preview":"max-video-preview:-1"},"canonical":"https:\/\/chateaudeterride.com\/produit\/chateau-methode-ancestrale-blanc\/","og_locale":"en_US","og_type":"article","og_title":"Ch\u00e2teau - Ancestral method white - CHATEAU DE TERRIDE","og_description":"Discover the ancestral method of Ch\u00e2teau de Terride, a gold medal sparkling wine at the 2017 Paris Concours G\u00e9n\u00e9ral","og_url":"https:\/\/chateaudeterride.com\/produit\/chateau-methode-ancestrale-blanc\/","og_site_name":"CHATEAU DE TERRIDE","article_publisher":"https:\/\/www.facebook.com\/chateauterride\/","article_modified_time":"2023-02-01T09:44:41+00:00","og_image":[{"width":480,"height":1024,"url":"https:\/\/chateaudeterride.com\/wp-content\/uploads\/2021\/06\/bulles-1-480x1024.png","type":"image\/png"}],"twitter_card":"summary_large_image","twitter_misc":{"Est. reading time":"1 minute"},"schema":{"@context":"https:\/\/schema.org","@graph":[{"@type":"WebPage","@id":"https:\/\/chateaudeterride.com\/produit\/chateau-methode-ancestrale-blanc\/","url":"https:\/\/chateaudeterride.com\/produit\/chateau-methode-ancestrale-blanc\/","name":"Ch\u00e2teau - Ancestral method white - CHATEAU DE TERRIDE","isPartOf":{"@id":"https:\/\/chateaudeterride.com\/#website"},"datePublished":"2021-06-08T16:14:03+00:00","dateModified":"2023-02-01T09:44:41+00:00","description":"Discover the ancestral method of Ch\u00e2teau de Terride, a gold medal sparkling wine at the 2017 Paris Concours G\u00e9n\u00e9ral","breadcrumb":{"@id":"https:\/\/chateaudeterride.com\/produit\/chateau-methode-ancestrale-blanc\/#breadcrumb"},"inLanguage":"en-US","potentialAction":[{"@type":"ReadAction","target":["https:\/\/chateaudeterride.com\/produit\/chateau-methode-ancestrale-blanc\/"]}]},{"@type":"BreadcrumbList","@id":"https:\/\/chateaudeterride.com\/produit\/chateau-methode-ancestrale-blanc\/#breadcrumb","itemListElement":[{"@type":"ListItem","position":1,"name":"Accueil","item":"https:\/\/chateaudeterride.com\/"},{"@type":"ListItem","position":2,"name":"Store","item":"https:\/\/chateaudeterride.com\/en\/store\/"},{"@type":"ListItem","position":3,"name":"Ch\u00e2teau &#8211; Ancestral method white"}]},{"@type":"WebSite","@id":"https:\/\/chateaudeterride.com\/#website","url":"https:\/\/chateaudeterride.com\/","name":"CHATEAU DE TERRIDE","description":"Vignoble de Gaillac - Gaillac - vins de Gaillac","publisher":{"@id":"https:\/\/chateaudeterride.com\/#organization"},"potentialAction":[{"@type":"SearchAction","target":{"@type":"EntryPoint","urlTemplate":"https:\/\/chateaudeterride.com\/?s={search_term_string}"},"query-input":"required name=search_term_string"}],"inLanguage":"en-US"},{"@type":"Organization","@id":"https:\/\/chateaudeterride.com\/#organization","name":"CHATEAU DE TERRIDE","url":"https:\/\/chateaudeterride.com\/","logo":{"@type":"ImageObject","inLanguage":"en-US","@id":"https:\/\/chateaudeterride.com\/#\/schema\/logo\/image\/","url":"https:\/\/chateaudeterride.com\/wp-content\/uploads\/2021\/12\/pistes-ok_logo2.jpg","contentUrl":"https:\/\/chateaudeterride.com\/wp-content\/uploads\/2021\/12\/pistes-ok_logo2.jpg","width":596,"height":381,"caption":"CHATEAU DE TERRIDE"},"image":{"@id":"https:\/\/chateaudeterride.com\/#\/schema\/logo\/image\/"},"sameAs":["https:\/\/www.facebook.com\/chateauterride\/","https:\/\/www.instagram.com\/chateaudeterride\/?hl=fr"]}]}},"_links":{"self":[{"href":"https:\/\/chateaudeterride.com\/en\/wp-json\/wp\/v2\/product\/3626","targetHints":{"allow":["GET"]}}],"collection":[{"href":"https:\/\/chateaudeterride.com\/en\/wp-json\/wp\/v2\/product"}],"about":[{"href":"https:\/\/chateaudeterride.com\/en\/wp-json\/wp\/v2\/types\/product"}],"replies":[{"embeddable":true,"href":"https:\/\/chateaudeterride.com\/en\/wp-json\/wp\/v2\/comments?post=3626"}],"wp:featuredmedia":[{"embeddable":true,"href":"https:\/\/chateaudeterride.com\/en\/wp-json\/wp\/v2\/media\/3348"}],"wp:attachment":[{"href":"https:\/\/chateaudeterride.com\/en\/wp-json\/wp\/v2\/media?parent=3626"}],"wp:term":[{"taxonomy":"product_cat","embeddable":true,"href":"https:\/\/chateaudeterride.com\/en\/wp-json\/wp\/v2\/product_cat?post=3626"},{"taxonomy":"product_tag","embeddable":true,"href":"https:\/\/chateaudeterride.com\/en\/wp-json\/wp\/v2\/product_tag?post=3626"}],"curies":[{"name":"wp","href":"https:\/\/api.w.org\/{rel}","templated":true}]}}