{"id":3625,"date":"2021-06-08T17:28:30","date_gmt":"2021-06-08T15:28:30","guid":{"rendered":"https:\/\/chateaudeterride.com\/produit\/chateau-de-terride-red-wine-gaillac-aoc-2\/"},"modified":"2023-02-01T10:38:55","modified_gmt":"2023-02-01T09:38:55","slug":"chateau-rouge","status":"publish","type":"product","link":"https:\/\/chateaudeterride.com\/en\/produit\/chateau-rouge\/","title":{"rendered":"Ch\u00e2teau de Terride &#8211; Red Wine Gaillac AOC"},"content":{"rendered":"<p><span style=\"font-size: 14pt; color: #000000;\"><strong><span class=\"PBLongTxt\">BOX OF 6<br \/>\n<\/span><\/strong><\/span><\/p>\n<p><span style=\"font-size: 14pt; color: #000000;\">So <strong>11.00 \u20ac<\/strong> the bottle<\/span><\/p>\n<p><i>Deep red color for this red wine AOC <a href=\"https:\/\/chateaudeterride.com\/2022\/01\/28\/les-vins-de-gaillac-histoire-dun-vignoble\/\">Gaillac <\/a> <span class=\"Apple-converted-space\"><br \/>\n<\/span><\/i><i>Pleasant nose with notes of black fruits and licorice<br \/>\n<\/i><i>Lively and intense mouth marked by present but supple tannins.<span class=\"Apple-converted-space\"> <\/span><\/i><\/p>\n<p>A red wine aoc Gaillac to accompany :<\/p>\n<p><img loading=\"lazy\" decoding=\"async\" class=\"wp-image-1259 alignleft\" src=\"https:\/\/chateaudeterride.com\/wp-content\/uploads\/2021\/06\/couvert.jpg\" alt=\"\" width=\"67\" height=\"66\" srcset=\"https:\/\/chateaudeterride.com\/wp-content\/uploads\/2021\/06\/couvert.jpg 216w, https:\/\/chateaudeterride.com\/wp-content\/uploads\/2021\/06\/couvert-150x150.jpg 150w, https:\/\/chateaudeterride.com\/wp-content\/uploads\/2021\/06\/couvert-100x100.jpg 100w\" sizes=\"auto, (max-width: 67px) 100vw, 67px\" \/><b><\/b><\/p>\n<p><b><br \/>\nRed meat in sauce, cheese<\/b><\/p>\n<p><img loading=\"lazy\" decoding=\"async\" class=\"wp-image-1257 alignleft\" src=\"https:\/\/chateaudeterride.com\/wp-content\/uploads\/2021\/06\/cepages-150x150.jpg\" alt=\"\" width=\"67\" height=\"67\" srcset=\"https:\/\/chateaudeterride.com\/wp-content\/uploads\/2021\/06\/cepages-150x150.jpg 150w, https:\/\/chateaudeterride.com\/wp-content\/uploads\/2021\/06\/cepages-100x100.jpg 100w, https:\/\/chateaudeterride.com\/wp-content\/uploads\/2021\/06\/cepages.jpg 216w\" sizes=\"auto, (max-width: 67px) 100vw, 67px\" \/><br \/>\n<b>50% Syrah \/ 30% Duras \/ 20% Braucol<\/b><\/p>\n<p><img loading=\"lazy\" decoding=\"async\" class=\" wp-image-1261 alignleft\" src=\"https:\/\/chateaudeterride.com\/wp-content\/uploads\/2021\/06\/sol-150x150.jpg\" alt=\"\" width=\"60\" height=\"60\" srcset=\"https:\/\/chateaudeterride.com\/wp-content\/uploads\/2021\/06\/sol-150x150.jpg 150w, https:\/\/chateaudeterride.com\/wp-content\/uploads\/2021\/06\/sol-100x100.jpg 100w, https:\/\/chateaudeterride.com\/wp-content\/uploads\/2021\/06\/sol.jpg 216w\" sizes=\"auto, (max-width: 60px) 100vw, 60px\" \/><br \/>\n<b>50% Clay-limestone \/ 50% Graves de coteaux<\/b><\/p>\n<p><img loading=\"lazy\" decoding=\"async\" class=\" wp-image-1260 alignleft\" src=\"https:\/\/chateaudeterride.com\/wp-content\/uploads\/2021\/06\/degres-150x150.jpg\" alt=\"\" width=\"64\" height=\"64\" srcset=\"https:\/\/chateaudeterride.com\/wp-content\/uploads\/2021\/06\/degres-150x150.jpg 150w, https:\/\/chateaudeterride.com\/wp-content\/uploads\/2021\/06\/degres-100x100.jpg 100w, https:\/\/chateaudeterride.com\/wp-content\/uploads\/2021\/06\/degres.jpg 216w\" sizes=\"auto, (max-width: 64px) 100vw, 64px\" \/><\/p>\n<p><b><br \/>\n16\u00b0<\/b><\/p>\n<p><img loading=\"lazy\" decoding=\"async\" class=\" wp-image-1258 alignleft\" src=\"https:\/\/chateaudeterride.com\/wp-content\/uploads\/2021\/06\/conservation-150x150.jpg\" alt=\"\" width=\"66\" height=\"66\" srcset=\"https:\/\/chateaudeterride.com\/wp-content\/uploads\/2021\/06\/conservation-150x150.jpg 150w, https:\/\/chateaudeterride.com\/wp-content\/uploads\/2021\/06\/conservation-100x100.jpg 100w, https:\/\/chateaudeterride.com\/wp-content\/uploads\/2021\/06\/conservation.jpg 216w\" sizes=\"auto, (max-width: 66px) 100vw, 66px\" \/><\/p>\n<p><span class=\"Apple-converted-space\"><br \/>\n<\/span><b>5 &#8211; 7 years old<\/b><\/p>\n","protected":false},"excerpt":{"rendered":"<p>BOX OF 6 So 11.00 \u20ac the bottle Deep red color for this red wine AOC Gaillac Pleasant nose with notes of black fruits and licorice Lively and intense mouth marked by present but supple tannins. A red wine aoc Gaillac to accompany : Red meat in sauce, cheese 50% Syrah \/ 30% Duras \/ &#8230; <a title=\"Ch\u00e2teau de Terride &#8211; Red Wine Gaillac AOC\" class=\"read-more\" href=\"https:\/\/chateaudeterride.com\/en\/produit\/chateau-rouge\/\" aria-label=\"More on Ch\u00e2teau de Terride &#8211; Red Wine Gaillac AOC\">Read more<\/a><\/p>\n","protected":false},"featured_media":3357,"comment_status":"open","ping_status":"closed","template":"","meta":[],"product_cat":[168],"product_tag":[199,198,170,195,200,193,177,201,192],"class_list":{"0":"post-3625","1":"product","2":"type-product","3":"status-publish","4":"has-post-thumbnail","6":"product_cat-castle","7":"product_tag-aoc-gaillac-en","8":"product_tag-chateau-de-terride-en","9":"product_tag-gaillac-vineyard","10":"product_tag-gaillac-wines","11":"product_tag-red-wine-gaillac","12":"product_tag-tarn-vineyard-en","13":"product_tag-visit-gaillac","14":"product_tag-wine-en","15":"product_tag-wine-aoc-gaillac","16":"product_shipping_class-box-of-6-en","18":"first","19":"instock","20":"taxable","21":"shipping-taxable","22":"purchasable","23":"product-type-simple"},"yoast_head":"<!-- This site is optimized with the Yoast SEO plugin v22.0 - https:\/\/yoast.com\/wordpress\/plugins\/seo\/ -->\n<title>Ch\u00e2teau de Terride - Red Wine Gaillac AOC - CHATEAU DE TERRIDE<\/title>\n<meta name=\"description\" content=\"Discover the red gaillac AOC wine of the Ch\u00e2teau de Terride, a flagship wine of the ch\u00e2teau ideal to accompany meats and cheeses.\" \/>\n<meta name=\"robots\" content=\"index, follow, max-snippet:-1, max-image-preview:large, max-video-preview:-1\" \/>\n<link rel=\"canonical\" href=\"https:\/\/chateaudeterride.com\/produit\/chateau-rouge\/\" \/>\n<meta property=\"og:locale\" content=\"en_US\" \/>\n<meta property=\"og:type\" content=\"article\" \/>\n<meta property=\"og:title\" content=\"Ch\u00e2teau de Terride - Red Wine Gaillac AOC - CHATEAU DE TERRIDE\" \/>\n<meta property=\"og:description\" content=\"Discover the red gaillac AOC wine of the Ch\u00e2teau de Terride, a flagship wine of the ch\u00e2teau ideal to accompany meats and cheeses.\" \/>\n<meta property=\"og:url\" content=\"https:\/\/chateaudeterride.com\/produit\/chateau-rouge\/\" \/>\n<meta property=\"og:site_name\" content=\"CHATEAU DE TERRIDE\" \/>\n<meta property=\"article:publisher\" content=\"https:\/\/www.facebook.com\/chateauterride\/\" \/>\n<meta property=\"article:modified_time\" content=\"2023-02-01T09:38:55+00:00\" \/>\n<meta property=\"og:image\" content=\"https:\/\/chateaudeterride.com\/wp-content\/uploads\/2021\/06\/chateau-rouge-683x1024.png\" \/>\n\t<meta property=\"og:image:width\" content=\"683\" \/>\n\t<meta property=\"og:image:height\" content=\"1024\" \/>\n\t<meta property=\"og:image:type\" content=\"image\/png\" \/>\n<meta name=\"twitter:card\" content=\"summary_large_image\" \/>\n<script type=\"application\/ld+json\" class=\"yoast-schema-graph\">{\"@context\":\"https:\/\/schema.org\",\"@graph\":[{\"@type\":\"WebPage\",\"@id\":\"https:\/\/chateaudeterride.com\/produit\/chateau-rouge\/\",\"url\":\"https:\/\/chateaudeterride.com\/produit\/chateau-rouge\/\",\"name\":\"Ch\u00e2teau de Terride - Red Wine Gaillac AOC - CHATEAU DE TERRIDE\",\"isPartOf\":{\"@id\":\"https:\/\/chateaudeterride.com\/#website\"},\"datePublished\":\"2021-06-08T15:28:30+00:00\",\"dateModified\":\"2023-02-01T09:38:55+00:00\",\"description\":\"Discover the red gaillac AOC wine of the Ch\u00e2teau de Terride, a flagship wine of the ch\u00e2teau ideal to accompany meats and cheeses.\",\"breadcrumb\":{\"@id\":\"https:\/\/chateaudeterride.com\/produit\/chateau-rouge\/#breadcrumb\"},\"inLanguage\":\"en-US\",\"potentialAction\":[{\"@type\":\"ReadAction\",\"target\":[\"https:\/\/chateaudeterride.com\/produit\/chateau-rouge\/\"]}]},{\"@type\":\"BreadcrumbList\",\"@id\":\"https:\/\/chateaudeterride.com\/produit\/chateau-rouge\/#breadcrumb\",\"itemListElement\":[{\"@type\":\"ListItem\",\"position\":1,\"name\":\"Accueil\",\"item\":\"https:\/\/chateaudeterride.com\/\"},{\"@type\":\"ListItem\",\"position\":2,\"name\":\"Store\",\"item\":\"https:\/\/chateaudeterride.com\/en\/store\/\"},{\"@type\":\"ListItem\",\"position\":3,\"name\":\"Ch\u00e2teau de Terride &#8211; Red Wine Gaillac AOC\"}]},{\"@type\":\"WebSite\",\"@id\":\"https:\/\/chateaudeterride.com\/#website\",\"url\":\"https:\/\/chateaudeterride.com\/\",\"name\":\"CHATEAU DE TERRIDE\",\"description\":\"Vignoble de Gaillac - Gaillac - vins de Gaillac\",\"publisher\":{\"@id\":\"https:\/\/chateaudeterride.com\/#organization\"},\"potentialAction\":[{\"@type\":\"SearchAction\",\"target\":{\"@type\":\"EntryPoint\",\"urlTemplate\":\"https:\/\/chateaudeterride.com\/?s={search_term_string}\"},\"query-input\":\"required name=search_term_string\"}],\"inLanguage\":\"en-US\"},{\"@type\":\"Organization\",\"@id\":\"https:\/\/chateaudeterride.com\/#organization\",\"name\":\"CHATEAU DE TERRIDE\",\"url\":\"https:\/\/chateaudeterride.com\/\",\"logo\":{\"@type\":\"ImageObject\",\"inLanguage\":\"en-US\",\"@id\":\"https:\/\/chateaudeterride.com\/#\/schema\/logo\/image\/\",\"url\":\"https:\/\/chateaudeterride.com\/wp-content\/uploads\/2021\/12\/pistes-ok_logo2.jpg\",\"contentUrl\":\"https:\/\/chateaudeterride.com\/wp-content\/uploads\/2021\/12\/pistes-ok_logo2.jpg\",\"width\":596,\"height\":381,\"caption\":\"CHATEAU DE TERRIDE\"},\"image\":{\"@id\":\"https:\/\/chateaudeterride.com\/#\/schema\/logo\/image\/\"},\"sameAs\":[\"https:\/\/www.facebook.com\/chateauterride\/\",\"https:\/\/www.instagram.com\/chateaudeterride\/?hl=fr\"]}]}<\/script>\n<!-- \/ Yoast SEO plugin. -->","yoast_head_json":{"title":"Ch\u00e2teau de Terride - Red Wine Gaillac AOC - CHATEAU DE TERRIDE","description":"Discover the red gaillac AOC wine of the Ch\u00e2teau de Terride, a flagship wine of the ch\u00e2teau ideal to accompany meats and cheeses.","robots":{"index":"index","follow":"follow","max-snippet":"max-snippet:-1","max-image-preview":"max-image-preview:large","max-video-preview":"max-video-preview:-1"},"canonical":"https:\/\/chateaudeterride.com\/produit\/chateau-rouge\/","og_locale":"en_US","og_type":"article","og_title":"Ch\u00e2teau de Terride - Red Wine Gaillac AOC - CHATEAU DE TERRIDE","og_description":"Discover the red gaillac AOC wine of the Ch\u00e2teau de Terride, a flagship wine of the ch\u00e2teau ideal to accompany meats and cheeses.","og_url":"https:\/\/chateaudeterride.com\/produit\/chateau-rouge\/","og_site_name":"CHATEAU DE TERRIDE","article_publisher":"https:\/\/www.facebook.com\/chateauterride\/","article_modified_time":"2023-02-01T09:38:55+00:00","og_image":[{"width":683,"height":1024,"url":"https:\/\/chateaudeterride.com\/wp-content\/uploads\/2021\/06\/chateau-rouge-683x1024.png","type":"image\/png"}],"twitter_card":"summary_large_image","schema":{"@context":"https:\/\/schema.org","@graph":[{"@type":"WebPage","@id":"https:\/\/chateaudeterride.com\/produit\/chateau-rouge\/","url":"https:\/\/chateaudeterride.com\/produit\/chateau-rouge\/","name":"Ch\u00e2teau de Terride - Red Wine Gaillac AOC - CHATEAU DE TERRIDE","isPartOf":{"@id":"https:\/\/chateaudeterride.com\/#website"},"datePublished":"2021-06-08T15:28:30+00:00","dateModified":"2023-02-01T09:38:55+00:00","description":"Discover the red gaillac AOC wine of the Ch\u00e2teau de Terride, a flagship wine of the ch\u00e2teau ideal to accompany meats and cheeses.","breadcrumb":{"@id":"https:\/\/chateaudeterride.com\/produit\/chateau-rouge\/#breadcrumb"},"inLanguage":"en-US","potentialAction":[{"@type":"ReadAction","target":["https:\/\/chateaudeterride.com\/produit\/chateau-rouge\/"]}]},{"@type":"BreadcrumbList","@id":"https:\/\/chateaudeterride.com\/produit\/chateau-rouge\/#breadcrumb","itemListElement":[{"@type":"ListItem","position":1,"name":"Accueil","item":"https:\/\/chateaudeterride.com\/"},{"@type":"ListItem","position":2,"name":"Store","item":"https:\/\/chateaudeterride.com\/en\/store\/"},{"@type":"ListItem","position":3,"name":"Ch\u00e2teau de Terride &#8211; Red Wine Gaillac AOC"}]},{"@type":"WebSite","@id":"https:\/\/chateaudeterride.com\/#website","url":"https:\/\/chateaudeterride.com\/","name":"CHATEAU DE TERRIDE","description":"Vignoble de Gaillac - Gaillac - vins de Gaillac","publisher":{"@id":"https:\/\/chateaudeterride.com\/#organization"},"potentialAction":[{"@type":"SearchAction","target":{"@type":"EntryPoint","urlTemplate":"https:\/\/chateaudeterride.com\/?s={search_term_string}"},"query-input":"required name=search_term_string"}],"inLanguage":"en-US"},{"@type":"Organization","@id":"https:\/\/chateaudeterride.com\/#organization","name":"CHATEAU DE TERRIDE","url":"https:\/\/chateaudeterride.com\/","logo":{"@type":"ImageObject","inLanguage":"en-US","@id":"https:\/\/chateaudeterride.com\/#\/schema\/logo\/image\/","url":"https:\/\/chateaudeterride.com\/wp-content\/uploads\/2021\/12\/pistes-ok_logo2.jpg","contentUrl":"https:\/\/chateaudeterride.com\/wp-content\/uploads\/2021\/12\/pistes-ok_logo2.jpg","width":596,"height":381,"caption":"CHATEAU DE TERRIDE"},"image":{"@id":"https:\/\/chateaudeterride.com\/#\/schema\/logo\/image\/"},"sameAs":["https:\/\/www.facebook.com\/chateauterride\/","https:\/\/www.instagram.com\/chateaudeterride\/?hl=fr"]}]}},"_links":{"self":[{"href":"https:\/\/chateaudeterride.com\/en\/wp-json\/wp\/v2\/product\/3625","targetHints":{"allow":["GET"]}}],"collection":[{"href":"https:\/\/chateaudeterride.com\/en\/wp-json\/wp\/v2\/product"}],"about":[{"href":"https:\/\/chateaudeterride.com\/en\/wp-json\/wp\/v2\/types\/product"}],"replies":[{"embeddable":true,"href":"https:\/\/chateaudeterride.com\/en\/wp-json\/wp\/v2\/comments?post=3625"}],"wp:featuredmedia":[{"embeddable":true,"href":"https:\/\/chateaudeterride.com\/en\/wp-json\/wp\/v2\/media\/3357"}],"wp:attachment":[{"href":"https:\/\/chateaudeterride.com\/en\/wp-json\/wp\/v2\/media?parent=3625"}],"wp:term":[{"taxonomy":"product_cat","embeddable":true,"href":"https:\/\/chateaudeterride.com\/en\/wp-json\/wp\/v2\/product_cat?post=3625"},{"taxonomy":"product_tag","embeddable":true,"href":"https:\/\/chateaudeterride.com\/en\/wp-json\/wp\/v2\/product_tag?post=3625"}],"curies":[{"name":"wp","href":"https:\/\/api.w.org\/{rel}","templated":true}]}}