{"id":3621,"date":"2022-09-02T13:58:55","date_gmt":"2022-09-02T11:58:55","guid":{"rendered":"https:\/\/chateaudeterride.com\/produit\/chateau-de-terride-rose-wine-gaillac-aoc\/"},"modified":"2023-02-01T11:50:37","modified_gmt":"2023-02-01T10:50:37","slug":"chateau-de-terride-vin-rose-gaillac-aoc","status":"publish","type":"product","link":"https:\/\/chateaudeterride.com\/en\/produit\/chateau-de-terride-vin-rose-gaillac-aoc\/","title":{"rendered":"Ch\u00e2teau de Terride &#8211; Ros\u00e9 Wine Gaillac AOC"},"content":{"rendered":"<p><span style=\"font-size: 14pt; color: #000000;\"><strong><span class=\"PBLongTxt\">BOX OF 6<br \/>\n<\/span><\/strong><\/span><\/p>\n<p><span style=\"font-size: 14pt; color: #000000;\">That is to say <strong>12.00 \u20ac<\/strong> the bottle<\/span><\/p>\n<p><em>Beautiful pale pink color<\/em><br \/>\n<em>Fresh and intense nose with strawberry and blackcurrant aromas<\/em><br \/>\n<em>Lively and acidulous mouth, complex with a nice structure and volume.<\/em><\/p>\n<p>A ros\u00e9 wine AOP Gaillac to accompany :<\/p>\n<p><img loading=\"lazy\" decoding=\"async\" class=\"wp-image-1259 alignleft\" src=\"https:\/\/chateaudeterride.com\/wp-content\/uploads\/2021\/06\/couvert.jpg\" alt=\"\" width=\"67\" height=\"66\" srcset=\"https:\/\/chateaudeterride.com\/wp-content\/uploads\/2021\/06\/couvert.jpg 216w, https:\/\/chateaudeterride.com\/wp-content\/uploads\/2021\/06\/couvert-150x150.jpg 150w, https:\/\/chateaudeterride.com\/wp-content\/uploads\/2021\/06\/couvert-100x100.jpg 100w\" sizes=\"auto, (max-width: 67px) 100vw, 67px\" \/><b><\/b><\/p>\n<p><b><br \/>\nWhite meat and fish in sauce<\/b><\/p>\n<p><img loading=\"lazy\" decoding=\"async\" class=\"wp-image-1257 alignleft\" src=\"https:\/\/chateaudeterride.com\/wp-content\/uploads\/2021\/06\/cepages-150x150.jpg\" alt=\"\" width=\"67\" height=\"67\" srcset=\"https:\/\/chateaudeterride.com\/wp-content\/uploads\/2021\/06\/cepages-150x150.jpg 150w, https:\/\/chateaudeterride.com\/wp-content\/uploads\/2021\/06\/cepages-100x100.jpg 100w, https:\/\/chateaudeterride.com\/wp-content\/uploads\/2021\/06\/cepages.jpg 216w\" sizes=\"auto, (max-width: 67px) 100vw, 67px\" \/><br \/>\n<b>100% Braucol<\/b><\/p>\n<p><img loading=\"lazy\" decoding=\"async\" class=\" wp-image-1261 alignleft\" src=\"https:\/\/chateaudeterride.com\/wp-content\/uploads\/2021\/06\/sol-150x150.jpg\" alt=\"\" width=\"60\" height=\"60\" srcset=\"https:\/\/chateaudeterride.com\/wp-content\/uploads\/2021\/06\/sol-150x150.jpg 150w, https:\/\/chateaudeterride.com\/wp-content\/uploads\/2021\/06\/sol-100x100.jpg 100w, https:\/\/chateaudeterride.com\/wp-content\/uploads\/2021\/06\/sol.jpg 216w\" sizes=\"auto, (max-width: 60px) 100vw, 60px\" \/><br \/>\n<b>100% Clay-limestone<\/b><\/p>\n<p><img loading=\"lazy\" decoding=\"async\" class=\" wp-image-1260 alignleft\" src=\"https:\/\/chateaudeterride.com\/wp-content\/uploads\/2021\/06\/degres-150x150.jpg\" alt=\"\" width=\"64\" height=\"64\" srcset=\"https:\/\/chateaudeterride.com\/wp-content\/uploads\/2021\/06\/degres-150x150.jpg 150w, https:\/\/chateaudeterride.com\/wp-content\/uploads\/2021\/06\/degres-100x100.jpg 100w, https:\/\/chateaudeterride.com\/wp-content\/uploads\/2021\/06\/degres.jpg 216w\" sizes=\"auto, (max-width: 64px) 100vw, 64px\" \/><\/p>\n<p><b><br \/>\n8\u00b0<\/b><\/p>\n<p><img loading=\"lazy\" decoding=\"async\" class=\" wp-image-1258 alignleft\" src=\"https:\/\/chateaudeterride.com\/wp-content\/uploads\/2021\/06\/conservation-150x150.jpg\" alt=\"\" width=\"66\" height=\"66\" srcset=\"https:\/\/chateaudeterride.com\/wp-content\/uploads\/2021\/06\/conservation-150x150.jpg 150w, https:\/\/chateaudeterride.com\/wp-content\/uploads\/2021\/06\/conservation-100x100.jpg 100w, https:\/\/chateaudeterride.com\/wp-content\/uploads\/2021\/06\/conservation.jpg 216w\" sizes=\"auto, (max-width: 66px) 100vw, 66px\" \/><\/p>\n<p><span class=\"Apple-converted-space\"><br \/>\n<\/span><b>3 years<\/b><\/p>\n","protected":false},"excerpt":{"rendered":"<p>BOX OF 6 That is to say 12.00 \u20ac the bottle Beautiful pale pink color Fresh and intense nose with strawberry and blackcurrant aromas Lively and acidulous mouth, complex with a nice structure and volume. A ros\u00e9 wine AOP Gaillac to accompany : White meat and fish in sauce 100% Braucol 100% Clay-limestone 8\u00b0 3 &#8230; <a title=\"Ch\u00e2teau de Terride &#8211; Ros\u00e9 Wine Gaillac AOC\" class=\"read-more\" href=\"https:\/\/chateaudeterride.com\/en\/produit\/chateau-de-terride-vin-rose-gaillac-aoc\/\" aria-label=\"More on Ch\u00e2teau de Terride &#8211; Ros\u00e9 Wine Gaillac AOC\">Read more<\/a><\/p>\n","protected":false},"featured_media":3528,"comment_status":"open","ping_status":"closed","template":"","meta":[],"product_cat":[168],"product_tag":[199,198,170,195,200,193,177,201,192],"class_list":{"0":"post-3621","1":"product","2":"type-product","3":"status-publish","4":"has-post-thumbnail","6":"product_cat-castle","7":"product_tag-aoc-gaillac-en","8":"product_tag-chateau-de-terride-en","9":"product_tag-gaillac-vineyard","10":"product_tag-gaillac-wines","11":"product_tag-red-wine-gaillac","12":"product_tag-tarn-vineyard-en","13":"product_tag-visit-gaillac","14":"product_tag-wine-en","15":"product_tag-wine-aoc-gaillac","16":"product_shipping_class-box-of-6-en","18":"first","19":"instock","20":"taxable","21":"shipping-taxable","22":"purchasable","23":"product-type-simple"},"yoast_head":"<!-- This site is optimized with the Yoast SEO plugin v22.0 - https:\/\/yoast.com\/wordpress\/plugins\/seo\/ -->\n<title>Ch\u00e2teau de Terride - Ros\u00e9 Wine Gaillac AOC - CHATEAU DE TERRIDE<\/title>\n<meta name=\"description\" content=\"Discover the red gaillac AOC wine of the Ch\u00e2teau de Terride, a flagship wine of the ch\u00e2teau ideal to accompany meats and cheeses.\" \/>\n<meta name=\"robots\" content=\"index, follow, max-snippet:-1, max-image-preview:large, max-video-preview:-1\" \/>\n<link rel=\"canonical\" href=\"https:\/\/chateaudeterride.com\/produit\/chateau-de-terride-vin-rose-gaillac-aoc\/\" \/>\n<meta property=\"og:locale\" content=\"en_US\" \/>\n<meta property=\"og:type\" content=\"article\" \/>\n<meta property=\"og:title\" content=\"Ch\u00e2teau de Terride - Ros\u00e9 Wine Gaillac AOC - CHATEAU DE TERRIDE\" \/>\n<meta property=\"og:description\" content=\"Discover the red gaillac AOC wine of the Ch\u00e2teau de Terride, a flagship wine of the ch\u00e2teau ideal to accompany meats and cheeses.\" \/>\n<meta property=\"og:url\" content=\"https:\/\/chateaudeterride.com\/produit\/chateau-de-terride-vin-rose-gaillac-aoc\/\" \/>\n<meta property=\"og:site_name\" content=\"CHATEAU DE TERRIDE\" \/>\n<meta property=\"article:publisher\" content=\"https:\/\/www.facebook.com\/chateauterride\/\" \/>\n<meta property=\"article:modified_time\" content=\"2023-02-01T10:50:37+00:00\" \/>\n<meta property=\"og:image\" content=\"https:\/\/chateaudeterride.com\/wp-content\/uploads\/2021\/06\/chateau-rose-683x1024.png\" \/>\n\t<meta property=\"og:image:width\" content=\"683\" \/>\n\t<meta property=\"og:image:height\" content=\"1024\" \/>\n\t<meta property=\"og:image:type\" content=\"image\/png\" \/>\n<meta name=\"twitter:card\" content=\"summary_large_image\" \/>\n<script type=\"application\/ld+json\" class=\"yoast-schema-graph\">{\"@context\":\"https:\/\/schema.org\",\"@graph\":[{\"@type\":\"WebPage\",\"@id\":\"https:\/\/chateaudeterride.com\/produit\/chateau-de-terride-vin-rose-gaillac-aoc\/\",\"url\":\"https:\/\/chateaudeterride.com\/produit\/chateau-de-terride-vin-rose-gaillac-aoc\/\",\"name\":\"Ch\u00e2teau de Terride - Ros\u00e9 Wine Gaillac AOC - CHATEAU DE TERRIDE\",\"isPartOf\":{\"@id\":\"https:\/\/chateaudeterride.com\/#website\"},\"datePublished\":\"2022-09-02T11:58:55+00:00\",\"dateModified\":\"2023-02-01T10:50:37+00:00\",\"description\":\"Discover the red gaillac AOC wine of the Ch\u00e2teau de Terride, a flagship wine of the ch\u00e2teau ideal to accompany meats and cheeses.\",\"breadcrumb\":{\"@id\":\"https:\/\/chateaudeterride.com\/produit\/chateau-de-terride-vin-rose-gaillac-aoc\/#breadcrumb\"},\"inLanguage\":\"en-US\",\"potentialAction\":[{\"@type\":\"ReadAction\",\"target\":[\"https:\/\/chateaudeterride.com\/produit\/chateau-de-terride-vin-rose-gaillac-aoc\/\"]}]},{\"@type\":\"BreadcrumbList\",\"@id\":\"https:\/\/chateaudeterride.com\/produit\/chateau-de-terride-vin-rose-gaillac-aoc\/#breadcrumb\",\"itemListElement\":[{\"@type\":\"ListItem\",\"position\":1,\"name\":\"Accueil\",\"item\":\"https:\/\/chateaudeterride.com\/\"},{\"@type\":\"ListItem\",\"position\":2,\"name\":\"Store\",\"item\":\"https:\/\/chateaudeterride.com\/en\/store\/\"},{\"@type\":\"ListItem\",\"position\":3,\"name\":\"Ch\u00e2teau de Terride &#8211; Ros\u00e9 Wine Gaillac AOC\"}]},{\"@type\":\"WebSite\",\"@id\":\"https:\/\/chateaudeterride.com\/#website\",\"url\":\"https:\/\/chateaudeterride.com\/\",\"name\":\"CHATEAU DE TERRIDE\",\"description\":\"Vignoble de Gaillac - Gaillac - vins de Gaillac\",\"publisher\":{\"@id\":\"https:\/\/chateaudeterride.com\/#organization\"},\"potentialAction\":[{\"@type\":\"SearchAction\",\"target\":{\"@type\":\"EntryPoint\",\"urlTemplate\":\"https:\/\/chateaudeterride.com\/?s={search_term_string}\"},\"query-input\":\"required name=search_term_string\"}],\"inLanguage\":\"en-US\"},{\"@type\":\"Organization\",\"@id\":\"https:\/\/chateaudeterride.com\/#organization\",\"name\":\"CHATEAU DE TERRIDE\",\"url\":\"https:\/\/chateaudeterride.com\/\",\"logo\":{\"@type\":\"ImageObject\",\"inLanguage\":\"en-US\",\"@id\":\"https:\/\/chateaudeterride.com\/#\/schema\/logo\/image\/\",\"url\":\"https:\/\/chateaudeterride.com\/wp-content\/uploads\/2021\/12\/pistes-ok_logo2.jpg\",\"contentUrl\":\"https:\/\/chateaudeterride.com\/wp-content\/uploads\/2021\/12\/pistes-ok_logo2.jpg\",\"width\":596,\"height\":381,\"caption\":\"CHATEAU DE TERRIDE\"},\"image\":{\"@id\":\"https:\/\/chateaudeterride.com\/#\/schema\/logo\/image\/\"},\"sameAs\":[\"https:\/\/www.facebook.com\/chateauterride\/\",\"https:\/\/www.instagram.com\/chateaudeterride\/?hl=fr\"]}]}<\/script>\n<!-- \/ Yoast SEO plugin. -->","yoast_head_json":{"title":"Ch\u00e2teau de Terride - Ros\u00e9 Wine Gaillac AOC - CHATEAU DE TERRIDE","description":"Discover the red gaillac AOC wine of the Ch\u00e2teau de Terride, a flagship wine of the ch\u00e2teau ideal to accompany meats and cheeses.","robots":{"index":"index","follow":"follow","max-snippet":"max-snippet:-1","max-image-preview":"max-image-preview:large","max-video-preview":"max-video-preview:-1"},"canonical":"https:\/\/chateaudeterride.com\/produit\/chateau-de-terride-vin-rose-gaillac-aoc\/","og_locale":"en_US","og_type":"article","og_title":"Ch\u00e2teau de Terride - Ros\u00e9 Wine Gaillac AOC - CHATEAU DE TERRIDE","og_description":"Discover the red gaillac AOC wine of the Ch\u00e2teau de Terride, a flagship wine of the ch\u00e2teau ideal to accompany meats and cheeses.","og_url":"https:\/\/chateaudeterride.com\/produit\/chateau-de-terride-vin-rose-gaillac-aoc\/","og_site_name":"CHATEAU DE TERRIDE","article_publisher":"https:\/\/www.facebook.com\/chateauterride\/","article_modified_time":"2023-02-01T10:50:37+00:00","og_image":[{"width":683,"height":1024,"url":"https:\/\/chateaudeterride.com\/wp-content\/uploads\/2021\/06\/chateau-rose-683x1024.png","type":"image\/png"}],"twitter_card":"summary_large_image","schema":{"@context":"https:\/\/schema.org","@graph":[{"@type":"WebPage","@id":"https:\/\/chateaudeterride.com\/produit\/chateau-de-terride-vin-rose-gaillac-aoc\/","url":"https:\/\/chateaudeterride.com\/produit\/chateau-de-terride-vin-rose-gaillac-aoc\/","name":"Ch\u00e2teau de Terride - Ros\u00e9 Wine Gaillac AOC - CHATEAU DE TERRIDE","isPartOf":{"@id":"https:\/\/chateaudeterride.com\/#website"},"datePublished":"2022-09-02T11:58:55+00:00","dateModified":"2023-02-01T10:50:37+00:00","description":"Discover the red gaillac AOC wine of the Ch\u00e2teau de Terride, a flagship wine of the ch\u00e2teau ideal to accompany meats and cheeses.","breadcrumb":{"@id":"https:\/\/chateaudeterride.com\/produit\/chateau-de-terride-vin-rose-gaillac-aoc\/#breadcrumb"},"inLanguage":"en-US","potentialAction":[{"@type":"ReadAction","target":["https:\/\/chateaudeterride.com\/produit\/chateau-de-terride-vin-rose-gaillac-aoc\/"]}]},{"@type":"BreadcrumbList","@id":"https:\/\/chateaudeterride.com\/produit\/chateau-de-terride-vin-rose-gaillac-aoc\/#breadcrumb","itemListElement":[{"@type":"ListItem","position":1,"name":"Accueil","item":"https:\/\/chateaudeterride.com\/"},{"@type":"ListItem","position":2,"name":"Store","item":"https:\/\/chateaudeterride.com\/en\/store\/"},{"@type":"ListItem","position":3,"name":"Ch\u00e2teau de Terride &#8211; Ros\u00e9 Wine Gaillac AOC"}]},{"@type":"WebSite","@id":"https:\/\/chateaudeterride.com\/#website","url":"https:\/\/chateaudeterride.com\/","name":"CHATEAU DE TERRIDE","description":"Vignoble de Gaillac - Gaillac - vins de Gaillac","publisher":{"@id":"https:\/\/chateaudeterride.com\/#organization"},"potentialAction":[{"@type":"SearchAction","target":{"@type":"EntryPoint","urlTemplate":"https:\/\/chateaudeterride.com\/?s={search_term_string}"},"query-input":"required name=search_term_string"}],"inLanguage":"en-US"},{"@type":"Organization","@id":"https:\/\/chateaudeterride.com\/#organization","name":"CHATEAU DE TERRIDE","url":"https:\/\/chateaudeterride.com\/","logo":{"@type":"ImageObject","inLanguage":"en-US","@id":"https:\/\/chateaudeterride.com\/#\/schema\/logo\/image\/","url":"https:\/\/chateaudeterride.com\/wp-content\/uploads\/2021\/12\/pistes-ok_logo2.jpg","contentUrl":"https:\/\/chateaudeterride.com\/wp-content\/uploads\/2021\/12\/pistes-ok_logo2.jpg","width":596,"height":381,"caption":"CHATEAU DE TERRIDE"},"image":{"@id":"https:\/\/chateaudeterride.com\/#\/schema\/logo\/image\/"},"sameAs":["https:\/\/www.facebook.com\/chateauterride\/","https:\/\/www.instagram.com\/chateaudeterride\/?hl=fr"]}]}},"_links":{"self":[{"href":"https:\/\/chateaudeterride.com\/en\/wp-json\/wp\/v2\/product\/3621","targetHints":{"allow":["GET"]}}],"collection":[{"href":"https:\/\/chateaudeterride.com\/en\/wp-json\/wp\/v2\/product"}],"about":[{"href":"https:\/\/chateaudeterride.com\/en\/wp-json\/wp\/v2\/types\/product"}],"replies":[{"embeddable":true,"href":"https:\/\/chateaudeterride.com\/en\/wp-json\/wp\/v2\/comments?post=3621"}],"wp:featuredmedia":[{"embeddable":true,"href":"https:\/\/chateaudeterride.com\/en\/wp-json\/wp\/v2\/media\/3528"}],"wp:attachment":[{"href":"https:\/\/chateaudeterride.com\/en\/wp-json\/wp\/v2\/media?parent=3621"}],"wp:term":[{"taxonomy":"product_cat","embeddable":true,"href":"https:\/\/chateaudeterride.com\/en\/wp-json\/wp\/v2\/product_cat?post=3621"},{"taxonomy":"product_tag","embeddable":true,"href":"https:\/\/chateaudeterride.com\/en\/wp-json\/wp\/v2\/product_tag?post=3621"}],"curies":[{"name":"wp","href":"https:\/\/api.w.org\/{rel}","templated":true}]}}