{"id":3616,"date":"2021-06-08T18:05:40","date_gmt":"2021-06-08T16:05:40","guid":{"rendered":"https:\/\/chateaudeterride.com\/produit\/les-caprices-dalix-dry-rose-gaillac\/"},"modified":"2023-02-01T10:42:48","modified_gmt":"2023-02-01T09:42:48","slug":"les-caprices-dalix-rose-dry-wine-of-gaillac","status":"publish","type":"product","link":"https:\/\/chateaudeterride.com\/en\/produit\/les-caprices-dalix-rose-dry-wine-of-gaillac\/","title":{"rendered":"Les Caprices D&#8217;Alix &#8211; Dry Ros\u00e9 Gaillac"},"content":{"rendered":"<p><span style=\"font-size: 14pt; color: #000000;\"><strong><span class=\"PBLongTxt\">BOX OF 6<br \/>\n<\/span><\/strong><\/span><\/p>\n<p><span style=\"font-size: 14pt; color: #000000;\">So <strong>7.00\u20ac<\/strong> the bottle<\/span><\/p>\n<p><i>Beautiful pale pink color<br \/>\n<\/i><i>Fruity nose with notes of English candy and lemon. Tart and lively mouth with aromas of exotic fruits.<span class=\"Apple-converted-space\">  A subtle and soft dry ros\u00e9.  <\/span><\/i><\/p>\n<p>What is ros\u00e9 wine?<\/p>\n<p>Red grapes are often harvested mechanically. After being put in the vat, the grapes macerate for a certain period of time which can vary. This is intended to color the juice by the migration of coloring anthocyanins from the grape skin to the must. At the optimal moment, a part of the juice is drained from the tank which separates it from the solid part. The vinification is based on the same principle as for white wines. The rest of the must continues the maceration to give red wine.<\/p>\n<p><img loading=\"lazy\" decoding=\"async\" class=\"wp-image-1259 alignleft\" src=\"https:\/\/chateaudeterride.com\/wp-content\/uploads\/2021\/06\/couvert.jpg\" alt=\"\" width=\"67\" height=\"66\" srcset=\"https:\/\/chateaudeterride.com\/wp-content\/uploads\/2021\/06\/couvert.jpg 216w, https:\/\/chateaudeterride.com\/wp-content\/uploads\/2021\/06\/couvert-150x150.jpg 150w, https:\/\/chateaudeterride.com\/wp-content\/uploads\/2021\/06\/couvert-100x100.jpg 100w\" sizes=\"auto, (max-width: 67px) 100vw, 67px\" \/><b><\/b><\/p>\n<p><b><br \/>\nGrill, cold cuts<\/b><\/p>\n<p><img loading=\"lazy\" decoding=\"async\" class=\"wp-image-1257 alignleft\" src=\"https:\/\/chateaudeterride.com\/wp-content\/uploads\/2021\/06\/cepages-150x150.jpg\" alt=\"\" width=\"67\" height=\"67\" srcset=\"https:\/\/chateaudeterride.com\/wp-content\/uploads\/2021\/06\/cepages-150x150.jpg 150w, https:\/\/chateaudeterride.com\/wp-content\/uploads\/2021\/06\/cepages-100x100.jpg 100w, https:\/\/chateaudeterride.com\/wp-content\/uploads\/2021\/06\/cepages.jpg 216w\" sizes=\"auto, (max-width: 67px) 100vw, 67px\" \/><br \/>\n<b>50% Syrah \/ 50% Duras<\/b><\/p>\n<p><img loading=\"lazy\" decoding=\"async\" class=\" wp-image-1261 alignleft\" src=\"https:\/\/chateaudeterride.com\/wp-content\/uploads\/2021\/06\/sol-150x150.jpg\" alt=\"\" width=\"60\" height=\"60\" srcset=\"https:\/\/chateaudeterride.com\/wp-content\/uploads\/2021\/06\/sol-150x150.jpg 150w, https:\/\/chateaudeterride.com\/wp-content\/uploads\/2021\/06\/sol-100x100.jpg 100w, https:\/\/chateaudeterride.com\/wp-content\/uploads\/2021\/06\/sol.jpg 216w\" sizes=\"auto, (max-width: 60px) 100vw, 60px\" \/><br \/>\n<b>100% Clay-limestone<\/b><\/p>\n<p><img loading=\"lazy\" decoding=\"async\" class=\" wp-image-1260 alignleft\" src=\"https:\/\/chateaudeterride.com\/wp-content\/uploads\/2021\/06\/degres-150x150.jpg\" alt=\"\" width=\"64\" height=\"64\" srcset=\"https:\/\/chateaudeterride.com\/wp-content\/uploads\/2021\/06\/degres-150x150.jpg 150w, https:\/\/chateaudeterride.com\/wp-content\/uploads\/2021\/06\/degres-100x100.jpg 100w, https:\/\/chateaudeterride.com\/wp-content\/uploads\/2021\/06\/degres.jpg 216w\" sizes=\"auto, (max-width: 64px) 100vw, 64px\" \/><\/p>\n<p><b><br \/>\n8\u00b0<\/b><\/p>\n<p><img loading=\"lazy\" decoding=\"async\" class=\" wp-image-1258 alignleft\" src=\"https:\/\/chateaudeterride.com\/wp-content\/uploads\/2021\/06\/conservation-150x150.jpg\" alt=\"\" width=\"66\" height=\"66\" srcset=\"https:\/\/chateaudeterride.com\/wp-content\/uploads\/2021\/06\/conservation-150x150.jpg 150w, https:\/\/chateaudeterride.com\/wp-content\/uploads\/2021\/06\/conservation-100x100.jpg 100w, https:\/\/chateaudeterride.com\/wp-content\/uploads\/2021\/06\/conservation.jpg 216w\" sizes=\"auto, (max-width: 66px) 100vw, 66px\" \/><\/p>\n<p><span class=\"Apple-converted-space\"><br \/>\n<\/span><b>2 years<\/b><\/p>\n","protected":false},"excerpt":{"rendered":"<p>BOX OF 6 So 7.00\u20ac the bottle Beautiful pale pink color Fruity nose with notes of English candy and lemon. Tart and lively mouth with aromas of exotic fruits. A subtle and soft dry ros\u00e9. What is ros\u00e9 wine? Red grapes are often harvested mechanically. After being put in the vat, the grapes macerate for &#8230; <a title=\"Les Caprices D&#8217;Alix &#8211; Dry Ros\u00e9 Gaillac\" class=\"read-more\" href=\"https:\/\/chateaudeterride.com\/en\/produit\/les-caprices-dalix-rose-dry-wine-of-gaillac\/\" aria-label=\"More on Les Caprices D&#8217;Alix &#8211; Dry Ros\u00e9 Gaillac\">Read more<\/a><\/p>\n","protected":false},"featured_media":3353,"comment_status":"open","ping_status":"closed","template":"","meta":[],"product_cat":[165],"product_tag":[185,183,187,181,174],"class_list":{"0":"post-3616","1":"product","2":"type-product","3":"status-publish","4":"has-post-thumbnail","6":"product_cat-caprices-en","7":"product_tag-how-to-make-rose","8":"product_tag-rose-wine","9":"product_tag-rose-wine-factory","10":"product_tag-rose-wine-of-gaillac","11":"product_tag-tarn-vineyard","12":"product_shipping_class-box-of-6-en","14":"first","15":"instock","16":"taxable","17":"shipping-taxable","18":"purchasable","19":"product-type-simple"},"yoast_head":"<!-- This site is optimized with the Yoast SEO plugin v22.0 - https:\/\/yoast.com\/wordpress\/plugins\/seo\/ -->\n<title>Les Caprices D&#039;Alix - Dry Ros\u00e9 Gaillac - CHATEAU DE TERRIDE<\/title>\n<meta name=\"description\" content=\"Discover a ros\u00e9 wine of Gaillac with fresh aromas. This ros\u00e9 wine from the Ch\u00e2teau de Terride wine estate is ideal to accompany your grilled meats and charcuterie.\" \/>\n<meta name=\"robots\" content=\"index, follow, max-snippet:-1, max-image-preview:large, max-video-preview:-1\" \/>\n<link rel=\"canonical\" href=\"https:\/\/chateaudeterride.com\/produit\/les-caprices-dalix-rose-sec-vin-rose-de-gaillac\/\" \/>\n<meta property=\"og:locale\" content=\"en_US\" \/>\n<meta property=\"og:type\" content=\"article\" \/>\n<meta property=\"og:title\" content=\"Les Caprices D&#039;Alix - Dry Ros\u00e9 Gaillac - CHATEAU DE TERRIDE\" \/>\n<meta property=\"og:description\" content=\"Discover a ros\u00e9 wine of Gaillac with fresh aromas. This ros\u00e9 wine from the Ch\u00e2teau de Terride wine estate is ideal to accompany your grilled meats and charcuterie.\" \/>\n<meta property=\"og:url\" content=\"https:\/\/chateaudeterride.com\/produit\/les-caprices-dalix-rose-sec-vin-rose-de-gaillac\/\" \/>\n<meta property=\"og:site_name\" content=\"CHATEAU DE TERRIDE\" \/>\n<meta property=\"article:publisher\" content=\"https:\/\/www.facebook.com\/chateauterride\/\" \/>\n<meta property=\"article:modified_time\" content=\"2023-02-01T09:42:48+00:00\" \/>\n<meta property=\"og:image\" content=\"https:\/\/chateaudeterride.com\/wp-content\/uploads\/2021\/06\/caprices-rose-683x1024.png\" \/>\n\t<meta property=\"og:image:width\" content=\"683\" \/>\n\t<meta property=\"og:image:height\" content=\"1024\" \/>\n\t<meta property=\"og:image:type\" content=\"image\/png\" \/>\n<meta name=\"twitter:card\" content=\"summary_large_image\" \/>\n<meta name=\"twitter:label1\" content=\"Est. reading time\" \/>\n\t<meta name=\"twitter:data1\" content=\"1 minute\" \/>\n<script type=\"application\/ld+json\" class=\"yoast-schema-graph\">{\"@context\":\"https:\/\/schema.org\",\"@graph\":[{\"@type\":\"WebPage\",\"@id\":\"https:\/\/chateaudeterride.com\/produit\/les-caprices-dalix-rose-sec-vin-rose-de-gaillac\/\",\"url\":\"https:\/\/chateaudeterride.com\/produit\/les-caprices-dalix-rose-sec-vin-rose-de-gaillac\/\",\"name\":\"Les Caprices D'Alix - Dry Ros\u00e9 Gaillac - CHATEAU DE TERRIDE\",\"isPartOf\":{\"@id\":\"https:\/\/chateaudeterride.com\/#website\"},\"datePublished\":\"2021-06-08T16:05:40+00:00\",\"dateModified\":\"2023-02-01T09:42:48+00:00\",\"description\":\"Discover a ros\u00e9 wine of Gaillac with fresh aromas. This ros\u00e9 wine from the Ch\u00e2teau de Terride wine estate is ideal to accompany your grilled meats and charcuterie.\",\"breadcrumb\":{\"@id\":\"https:\/\/chateaudeterride.com\/produit\/les-caprices-dalix-rose-sec-vin-rose-de-gaillac\/#breadcrumb\"},\"inLanguage\":\"en-US\",\"potentialAction\":[{\"@type\":\"ReadAction\",\"target\":[\"https:\/\/chateaudeterride.com\/produit\/les-caprices-dalix-rose-sec-vin-rose-de-gaillac\/\"]}]},{\"@type\":\"BreadcrumbList\",\"@id\":\"https:\/\/chateaudeterride.com\/produit\/les-caprices-dalix-rose-sec-vin-rose-de-gaillac\/#breadcrumb\",\"itemListElement\":[{\"@type\":\"ListItem\",\"position\":1,\"name\":\"Accueil\",\"item\":\"https:\/\/chateaudeterride.com\/\"},{\"@type\":\"ListItem\",\"position\":2,\"name\":\"Store\",\"item\":\"https:\/\/chateaudeterride.com\/en\/store\/\"},{\"@type\":\"ListItem\",\"position\":3,\"name\":\"Les Caprices D&#8217;Alix &#8211; Dry Ros\u00e9 Gaillac\"}]},{\"@type\":\"WebSite\",\"@id\":\"https:\/\/chateaudeterride.com\/#website\",\"url\":\"https:\/\/chateaudeterride.com\/\",\"name\":\"CHATEAU DE TERRIDE\",\"description\":\"Vignoble de Gaillac - Gaillac - vins de Gaillac\",\"publisher\":{\"@id\":\"https:\/\/chateaudeterride.com\/#organization\"},\"potentialAction\":[{\"@type\":\"SearchAction\",\"target\":{\"@type\":\"EntryPoint\",\"urlTemplate\":\"https:\/\/chateaudeterride.com\/?s={search_term_string}\"},\"query-input\":\"required name=search_term_string\"}],\"inLanguage\":\"en-US\"},{\"@type\":\"Organization\",\"@id\":\"https:\/\/chateaudeterride.com\/#organization\",\"name\":\"CHATEAU DE TERRIDE\",\"url\":\"https:\/\/chateaudeterride.com\/\",\"logo\":{\"@type\":\"ImageObject\",\"inLanguage\":\"en-US\",\"@id\":\"https:\/\/chateaudeterride.com\/#\/schema\/logo\/image\/\",\"url\":\"https:\/\/chateaudeterride.com\/wp-content\/uploads\/2021\/12\/pistes-ok_logo2.jpg\",\"contentUrl\":\"https:\/\/chateaudeterride.com\/wp-content\/uploads\/2021\/12\/pistes-ok_logo2.jpg\",\"width\":596,\"height\":381,\"caption\":\"CHATEAU DE TERRIDE\"},\"image\":{\"@id\":\"https:\/\/chateaudeterride.com\/#\/schema\/logo\/image\/\"},\"sameAs\":[\"https:\/\/www.facebook.com\/chateauterride\/\",\"https:\/\/www.instagram.com\/chateaudeterride\/?hl=fr\"]}]}<\/script>\n<!-- \/ Yoast SEO plugin. -->","yoast_head_json":{"title":"Les Caprices D'Alix - Dry Ros\u00e9 Gaillac - CHATEAU DE TERRIDE","description":"Discover a ros\u00e9 wine of Gaillac with fresh aromas. This ros\u00e9 wine from the Ch\u00e2teau de Terride wine estate is ideal to accompany your grilled meats and charcuterie.","robots":{"index":"index","follow":"follow","max-snippet":"max-snippet:-1","max-image-preview":"max-image-preview:large","max-video-preview":"max-video-preview:-1"},"canonical":"https:\/\/chateaudeterride.com\/produit\/les-caprices-dalix-rose-sec-vin-rose-de-gaillac\/","og_locale":"en_US","og_type":"article","og_title":"Les Caprices D'Alix - Dry Ros\u00e9 Gaillac - CHATEAU DE TERRIDE","og_description":"Discover a ros\u00e9 wine of Gaillac with fresh aromas. This ros\u00e9 wine from the Ch\u00e2teau de Terride wine estate is ideal to accompany your grilled meats and charcuterie.","og_url":"https:\/\/chateaudeterride.com\/produit\/les-caprices-dalix-rose-sec-vin-rose-de-gaillac\/","og_site_name":"CHATEAU DE TERRIDE","article_publisher":"https:\/\/www.facebook.com\/chateauterride\/","article_modified_time":"2023-02-01T09:42:48+00:00","og_image":[{"width":683,"height":1024,"url":"https:\/\/chateaudeterride.com\/wp-content\/uploads\/2021\/06\/caprices-rose-683x1024.png","type":"image\/png"}],"twitter_card":"summary_large_image","twitter_misc":{"Est. reading time":"1 minute"},"schema":{"@context":"https:\/\/schema.org","@graph":[{"@type":"WebPage","@id":"https:\/\/chateaudeterride.com\/produit\/les-caprices-dalix-rose-sec-vin-rose-de-gaillac\/","url":"https:\/\/chateaudeterride.com\/produit\/les-caprices-dalix-rose-sec-vin-rose-de-gaillac\/","name":"Les Caprices D'Alix - Dry Ros\u00e9 Gaillac - CHATEAU DE TERRIDE","isPartOf":{"@id":"https:\/\/chateaudeterride.com\/#website"},"datePublished":"2021-06-08T16:05:40+00:00","dateModified":"2023-02-01T09:42:48+00:00","description":"Discover a ros\u00e9 wine of Gaillac with fresh aromas. This ros\u00e9 wine from the Ch\u00e2teau de Terride wine estate is ideal to accompany your grilled meats and charcuterie.","breadcrumb":{"@id":"https:\/\/chateaudeterride.com\/produit\/les-caprices-dalix-rose-sec-vin-rose-de-gaillac\/#breadcrumb"},"inLanguage":"en-US","potentialAction":[{"@type":"ReadAction","target":["https:\/\/chateaudeterride.com\/produit\/les-caprices-dalix-rose-sec-vin-rose-de-gaillac\/"]}]},{"@type":"BreadcrumbList","@id":"https:\/\/chateaudeterride.com\/produit\/les-caprices-dalix-rose-sec-vin-rose-de-gaillac\/#breadcrumb","itemListElement":[{"@type":"ListItem","position":1,"name":"Accueil","item":"https:\/\/chateaudeterride.com\/"},{"@type":"ListItem","position":2,"name":"Store","item":"https:\/\/chateaudeterride.com\/en\/store\/"},{"@type":"ListItem","position":3,"name":"Les Caprices D&#8217;Alix &#8211; Dry Ros\u00e9 Gaillac"}]},{"@type":"WebSite","@id":"https:\/\/chateaudeterride.com\/#website","url":"https:\/\/chateaudeterride.com\/","name":"CHATEAU DE TERRIDE","description":"Vignoble de Gaillac - Gaillac - vins de Gaillac","publisher":{"@id":"https:\/\/chateaudeterride.com\/#organization"},"potentialAction":[{"@type":"SearchAction","target":{"@type":"EntryPoint","urlTemplate":"https:\/\/chateaudeterride.com\/?s={search_term_string}"},"query-input":"required name=search_term_string"}],"inLanguage":"en-US"},{"@type":"Organization","@id":"https:\/\/chateaudeterride.com\/#organization","name":"CHATEAU DE TERRIDE","url":"https:\/\/chateaudeterride.com\/","logo":{"@type":"ImageObject","inLanguage":"en-US","@id":"https:\/\/chateaudeterride.com\/#\/schema\/logo\/image\/","url":"https:\/\/chateaudeterride.com\/wp-content\/uploads\/2021\/12\/pistes-ok_logo2.jpg","contentUrl":"https:\/\/chateaudeterride.com\/wp-content\/uploads\/2021\/12\/pistes-ok_logo2.jpg","width":596,"height":381,"caption":"CHATEAU DE TERRIDE"},"image":{"@id":"https:\/\/chateaudeterride.com\/#\/schema\/logo\/image\/"},"sameAs":["https:\/\/www.facebook.com\/chateauterride\/","https:\/\/www.instagram.com\/chateaudeterride\/?hl=fr"]}]}},"_links":{"self":[{"href":"https:\/\/chateaudeterride.com\/en\/wp-json\/wp\/v2\/product\/3616","targetHints":{"allow":["GET"]}}],"collection":[{"href":"https:\/\/chateaudeterride.com\/en\/wp-json\/wp\/v2\/product"}],"about":[{"href":"https:\/\/chateaudeterride.com\/en\/wp-json\/wp\/v2\/types\/product"}],"replies":[{"embeddable":true,"href":"https:\/\/chateaudeterride.com\/en\/wp-json\/wp\/v2\/comments?post=3616"}],"wp:featuredmedia":[{"embeddable":true,"href":"https:\/\/chateaudeterride.com\/en\/wp-json\/wp\/v2\/media\/3353"}],"wp:attachment":[{"href":"https:\/\/chateaudeterride.com\/en\/wp-json\/wp\/v2\/media?parent=3616"}],"wp:term":[{"taxonomy":"product_cat","embeddable":true,"href":"https:\/\/chateaudeterride.com\/en\/wp-json\/wp\/v2\/product_cat?post=3616"},{"taxonomy":"product_tag","embeddable":true,"href":"https:\/\/chateaudeterride.com\/en\/wp-json\/wp\/v2\/product_tag?post=3616"}],"curies":[{"name":"wp","href":"https:\/\/api.w.org\/{rel}","templated":true}]}}