{"id":3611,"date":"2021-06-08T17:44:36","date_gmt":"2021-06-08T15:44:36","guid":{"rendered":"https:\/\/chateaudeterride.com\/produit\/les-caprices-dalix-fruity-rose-wine\/"},"modified":"2023-02-01T10:42:00","modified_gmt":"2023-02-01T09:42:00","slug":"the-caprices-dalix-rose-fruit","status":"publish","type":"product","link":"https:\/\/chateaudeterride.com\/en\/produit\/the-caprices-dalix-rose-fruit\/","title":{"rendered":"Les Caprices D&#8217;Alix &#8211; Fruity Ros\u00e9 wine"},"content":{"rendered":"<p><span style=\"font-size: 14pt; color: #000000;\"><strong><span class=\"PBLongTxt\">BOX OF 6<br \/>\n<\/span><\/strong><\/span><\/p>\n<p><span style=\"font-size: 14pt; color: #000000;\">So 7.50 <strong>\u20ac<\/strong> the bottle<\/span><\/p>\n<p><i>The soft pink color has slight purple reflections<br \/>\nOn the nose, finesse and elegance are complemented by crisp notes of red berries, violets and confectionery.  <\/i><\/p>\n<p>Discover our entire range of ros\u00e9s.<\/p>\n<p>A <a href=\"https:\/\/www.vins-gaillac.com\/notre-vignoble\/nos-vins-aop-igp\/aop-gaillac-rose\/?legal=1\">fruity ros\u00e9<\/a> wine <a href=\"https:\/\/www.vins-gaillac.com\/notre-vignoble\/nos-vins-aop-igp\/aop-gaillac-rose\/?legal=1\">from Gaillac<\/a> to accompany :<\/p>\n<p><img loading=\"lazy\" decoding=\"async\" class=\"wp-image-1259 alignleft\" src=\"https:\/\/chateaudeterride.com\/wp-content\/uploads\/2021\/06\/couvert.jpg\" alt=\"\" width=\"67\" height=\"66\" srcset=\"https:\/\/chateaudeterride.com\/wp-content\/uploads\/2021\/06\/couvert.jpg 216w, https:\/\/chateaudeterride.com\/wp-content\/uploads\/2021\/06\/couvert-150x150.jpg 150w, https:\/\/chateaudeterride.com\/wp-content\/uploads\/2021\/06\/couvert-100x100.jpg 100w\" sizes=\"auto, (max-width: 67px) 100vw, 67px\" \/><b><\/b><\/p>\n<p><b><br \/>\nAperitif, pizza, cold cuts<\/b><\/p>\n<p><img loading=\"lazy\" decoding=\"async\" class=\"wp-image-1257 alignleft\" src=\"https:\/\/chateaudeterride.com\/wp-content\/uploads\/2021\/06\/cepages-150x150.jpg\" alt=\"\" width=\"67\" height=\"67\" srcset=\"https:\/\/chateaudeterride.com\/wp-content\/uploads\/2021\/06\/cepages-150x150.jpg 150w, https:\/\/chateaudeterride.com\/wp-content\/uploads\/2021\/06\/cepages-100x100.jpg 100w, https:\/\/chateaudeterride.com\/wp-content\/uploads\/2021\/06\/cepages.jpg 216w\" sizes=\"auto, (max-width: 67px) 100vw, 67px\" \/><br \/>\n<b>100% Grenache<\/b><\/p>\n<p><img loading=\"lazy\" decoding=\"async\" class=\" wp-image-1261 alignleft\" src=\"https:\/\/chateaudeterride.com\/wp-content\/uploads\/2021\/06\/sol-150x150.jpg\" alt=\"\" width=\"60\" height=\"60\" srcset=\"https:\/\/chateaudeterride.com\/wp-content\/uploads\/2021\/06\/sol-150x150.jpg 150w, https:\/\/chateaudeterride.com\/wp-content\/uploads\/2021\/06\/sol-100x100.jpg 100w, https:\/\/chateaudeterride.com\/wp-content\/uploads\/2021\/06\/sol.jpg 216w\" sizes=\"auto, (max-width: 60px) 100vw, 60px\" \/><br \/>\n<b>100% Silty-gravelly<\/b><\/p>\n<p><img loading=\"lazy\" decoding=\"async\" class=\" wp-image-1260 alignleft\" src=\"https:\/\/chateaudeterride.com\/wp-content\/uploads\/2021\/06\/degres-150x150.jpg\" alt=\"\" width=\"64\" height=\"64\" srcset=\"https:\/\/chateaudeterride.com\/wp-content\/uploads\/2021\/06\/degres-150x150.jpg 150w, https:\/\/chateaudeterride.com\/wp-content\/uploads\/2021\/06\/degres-100x100.jpg 100w, https:\/\/chateaudeterride.com\/wp-content\/uploads\/2021\/06\/degres.jpg 216w\" sizes=\"auto, (max-width: 64px) 100vw, 64px\" \/><\/p>\n<p><b><br \/>\n8\u00b0<\/b><\/p>\n<p><img loading=\"lazy\" decoding=\"async\" class=\" wp-image-1258 alignleft\" src=\"https:\/\/chateaudeterride.com\/wp-content\/uploads\/2021\/06\/conservation-150x150.jpg\" alt=\"\" width=\"66\" height=\"66\" srcset=\"https:\/\/chateaudeterride.com\/wp-content\/uploads\/2021\/06\/conservation-150x150.jpg 150w, https:\/\/chateaudeterride.com\/wp-content\/uploads\/2021\/06\/conservation-100x100.jpg 100w, https:\/\/chateaudeterride.com\/wp-content\/uploads\/2021\/06\/conservation.jpg 216w\" sizes=\"auto, (max-width: 66px) 100vw, 66px\" \/><\/p>\n<p><span class=\"Apple-converted-space\"><br \/>\n<\/span><b>2 years<\/b><\/p>\n","protected":false},"excerpt":{"rendered":"<p>BOX OF 6 So 7.50 \u20ac the bottle The soft pink color has slight purple reflections On the nose, finesse and elegance are complemented by crisp notes of red berries, violets and confectionery. Discover our entire range of ros\u00e9s. A fruity ros\u00e9 wine from Gaillac to accompany : Aperitif, pizza, cold cuts 100% Grenache 100% &#8230; <a title=\"Les Caprices D&#8217;Alix &#8211; Fruity Ros\u00e9 wine\" class=\"read-more\" href=\"https:\/\/chateaudeterride.com\/en\/produit\/the-caprices-dalix-rose-fruit\/\" aria-label=\"More on Les Caprices D&#8217;Alix &#8211; Fruity Ros\u00e9 wine\">Read more<\/a><\/p>\n","protected":false},"featured_media":4276,"comment_status":"open","ping_status":"closed","template":"","meta":[],"product_cat":[165],"product_tag":[175,176],"class_list":{"0":"post-3611","1":"product","2":"type-product","3":"status-publish","4":"has-post-thumbnail","6":"product_cat-caprices-en","7":"product_tag-fruity-rose","8":"product_tag-rose-of-gaillac","9":"product_shipping_class-box-of-6-en","11":"first","12":"instock","13":"taxable","14":"shipping-taxable","15":"purchasable","16":"product-type-simple"},"yoast_head":"<!-- This site is optimized with the Yoast SEO plugin v22.0 - https:\/\/yoast.com\/wordpress\/plugins\/seo\/ -->\n<title>Les Caprices D&#039;Alix - Fruity Ros\u00e9 wine - CHATEAU DE TERRIDE<\/title>\n<meta name=\"description\" content=\"for your aperitifs or to accompany your pizzas, discover the fruity ros\u00e9 wine of the ch\u00e2teau de terride. A fresh and subtle Gaillac wine.\" \/>\n<meta name=\"robots\" content=\"index, follow, max-snippet:-1, max-image-preview:large, max-video-preview:-1\" \/>\n<link rel=\"canonical\" href=\"https:\/\/chateaudeterride.com\/produit\/les-caprices-dalix-rose-fruite\/\" \/>\n<meta property=\"og:locale\" content=\"en_US\" \/>\n<meta property=\"og:type\" content=\"article\" \/>\n<meta property=\"og:title\" content=\"Les Caprices D&#039;Alix - Fruity Ros\u00e9 wine - CHATEAU DE TERRIDE\" \/>\n<meta property=\"og:description\" content=\"for your aperitifs or to accompany your pizzas, discover the fruity ros\u00e9 wine of the ch\u00e2teau de terride. A fresh and subtle Gaillac wine.\" \/>\n<meta property=\"og:url\" content=\"https:\/\/chateaudeterride.com\/produit\/les-caprices-dalix-rose-fruite\/\" \/>\n<meta property=\"og:site_name\" content=\"CHATEAU DE TERRIDE\" \/>\n<meta property=\"article:publisher\" content=\"https:\/\/www.facebook.com\/chateauterride\/\" \/>\n<meta property=\"article:modified_time\" content=\"2023-02-01T09:42:00+00:00\" \/>\n<meta property=\"og:image\" content=\"https:\/\/chateaudeterride.com\/wp-content\/uploads\/2021\/06\/LES-CAPRICES-DALIX-Rose-scaled.jpg\" \/>\n\t<meta property=\"og:image:width\" content=\"1708\" \/>\n\t<meta property=\"og:image:height\" content=\"2560\" \/>\n\t<meta property=\"og:image:type\" content=\"image\/jpeg\" \/>\n<meta name=\"twitter:card\" content=\"summary_large_image\" \/>\n<script type=\"application\/ld+json\" class=\"yoast-schema-graph\">{\"@context\":\"https:\/\/schema.org\",\"@graph\":[{\"@type\":\"WebPage\",\"@id\":\"https:\/\/chateaudeterride.com\/produit\/les-caprices-dalix-rose-fruite\/\",\"url\":\"https:\/\/chateaudeterride.com\/produit\/les-caprices-dalix-rose-fruite\/\",\"name\":\"Les Caprices D'Alix - Fruity Ros\u00e9 wine - CHATEAU DE TERRIDE\",\"isPartOf\":{\"@id\":\"https:\/\/chateaudeterride.com\/#website\"},\"datePublished\":\"2021-06-08T15:44:36+00:00\",\"dateModified\":\"2023-02-01T09:42:00+00:00\",\"description\":\"for your aperitifs or to accompany your pizzas, discover the fruity ros\u00e9 wine of the ch\u00e2teau de terride. A fresh and subtle Gaillac wine.\",\"breadcrumb\":{\"@id\":\"https:\/\/chateaudeterride.com\/produit\/les-caprices-dalix-rose-fruite\/#breadcrumb\"},\"inLanguage\":\"en-US\",\"potentialAction\":[{\"@type\":\"ReadAction\",\"target\":[\"https:\/\/chateaudeterride.com\/produit\/les-caprices-dalix-rose-fruite\/\"]}]},{\"@type\":\"BreadcrumbList\",\"@id\":\"https:\/\/chateaudeterride.com\/produit\/les-caprices-dalix-rose-fruite\/#breadcrumb\",\"itemListElement\":[{\"@type\":\"ListItem\",\"position\":1,\"name\":\"Accueil\",\"item\":\"https:\/\/chateaudeterride.com\/\"},{\"@type\":\"ListItem\",\"position\":2,\"name\":\"Store\",\"item\":\"https:\/\/chateaudeterride.com\/en\/store\/\"},{\"@type\":\"ListItem\",\"position\":3,\"name\":\"Les Caprices D&#8217;Alix &#8211; Fruity Ros\u00e9 wine\"}]},{\"@type\":\"WebSite\",\"@id\":\"https:\/\/chateaudeterride.com\/#website\",\"url\":\"https:\/\/chateaudeterride.com\/\",\"name\":\"CHATEAU DE TERRIDE\",\"description\":\"Vignoble de Gaillac - Gaillac - vins de Gaillac\",\"publisher\":{\"@id\":\"https:\/\/chateaudeterride.com\/#organization\"},\"potentialAction\":[{\"@type\":\"SearchAction\",\"target\":{\"@type\":\"EntryPoint\",\"urlTemplate\":\"https:\/\/chateaudeterride.com\/?s={search_term_string}\"},\"query-input\":\"required name=search_term_string\"}],\"inLanguage\":\"en-US\"},{\"@type\":\"Organization\",\"@id\":\"https:\/\/chateaudeterride.com\/#organization\",\"name\":\"CHATEAU DE TERRIDE\",\"url\":\"https:\/\/chateaudeterride.com\/\",\"logo\":{\"@type\":\"ImageObject\",\"inLanguage\":\"en-US\",\"@id\":\"https:\/\/chateaudeterride.com\/#\/schema\/logo\/image\/\",\"url\":\"https:\/\/chateaudeterride.com\/wp-content\/uploads\/2021\/12\/pistes-ok_logo2.jpg\",\"contentUrl\":\"https:\/\/chateaudeterride.com\/wp-content\/uploads\/2021\/12\/pistes-ok_logo2.jpg\",\"width\":596,\"height\":381,\"caption\":\"CHATEAU DE TERRIDE\"},\"image\":{\"@id\":\"https:\/\/chateaudeterride.com\/#\/schema\/logo\/image\/\"},\"sameAs\":[\"https:\/\/www.facebook.com\/chateauterride\/\",\"https:\/\/www.instagram.com\/chateaudeterride\/?hl=fr\"]}]}<\/script>\n<!-- \/ Yoast SEO plugin. -->","yoast_head_json":{"title":"Les Caprices D'Alix - Fruity Ros\u00e9 wine - CHATEAU DE TERRIDE","description":"for your aperitifs or to accompany your pizzas, discover the fruity ros\u00e9 wine of the ch\u00e2teau de terride. A fresh and subtle Gaillac wine.","robots":{"index":"index","follow":"follow","max-snippet":"max-snippet:-1","max-image-preview":"max-image-preview:large","max-video-preview":"max-video-preview:-1"},"canonical":"https:\/\/chateaudeterride.com\/produit\/les-caprices-dalix-rose-fruite\/","og_locale":"en_US","og_type":"article","og_title":"Les Caprices D'Alix - Fruity Ros\u00e9 wine - CHATEAU DE TERRIDE","og_description":"for your aperitifs or to accompany your pizzas, discover the fruity ros\u00e9 wine of the ch\u00e2teau de terride. A fresh and subtle Gaillac wine.","og_url":"https:\/\/chateaudeterride.com\/produit\/les-caprices-dalix-rose-fruite\/","og_site_name":"CHATEAU DE TERRIDE","article_publisher":"https:\/\/www.facebook.com\/chateauterride\/","article_modified_time":"2023-02-01T09:42:00+00:00","og_image":[{"width":1708,"height":2560,"url":"https:\/\/chateaudeterride.com\/wp-content\/uploads\/2021\/06\/LES-CAPRICES-DALIX-Rose-scaled.jpg","type":"image\/jpeg"}],"twitter_card":"summary_large_image","schema":{"@context":"https:\/\/schema.org","@graph":[{"@type":"WebPage","@id":"https:\/\/chateaudeterride.com\/produit\/les-caprices-dalix-rose-fruite\/","url":"https:\/\/chateaudeterride.com\/produit\/les-caprices-dalix-rose-fruite\/","name":"Les Caprices D'Alix - Fruity Ros\u00e9 wine - CHATEAU DE TERRIDE","isPartOf":{"@id":"https:\/\/chateaudeterride.com\/#website"},"datePublished":"2021-06-08T15:44:36+00:00","dateModified":"2023-02-01T09:42:00+00:00","description":"for your aperitifs or to accompany your pizzas, discover the fruity ros\u00e9 wine of the ch\u00e2teau de terride. A fresh and subtle Gaillac wine.","breadcrumb":{"@id":"https:\/\/chateaudeterride.com\/produit\/les-caprices-dalix-rose-fruite\/#breadcrumb"},"inLanguage":"en-US","potentialAction":[{"@type":"ReadAction","target":["https:\/\/chateaudeterride.com\/produit\/les-caprices-dalix-rose-fruite\/"]}]},{"@type":"BreadcrumbList","@id":"https:\/\/chateaudeterride.com\/produit\/les-caprices-dalix-rose-fruite\/#breadcrumb","itemListElement":[{"@type":"ListItem","position":1,"name":"Accueil","item":"https:\/\/chateaudeterride.com\/"},{"@type":"ListItem","position":2,"name":"Store","item":"https:\/\/chateaudeterride.com\/en\/store\/"},{"@type":"ListItem","position":3,"name":"Les Caprices D&#8217;Alix &#8211; Fruity Ros\u00e9 wine"}]},{"@type":"WebSite","@id":"https:\/\/chateaudeterride.com\/#website","url":"https:\/\/chateaudeterride.com\/","name":"CHATEAU DE TERRIDE","description":"Vignoble de Gaillac - Gaillac - vins de Gaillac","publisher":{"@id":"https:\/\/chateaudeterride.com\/#organization"},"potentialAction":[{"@type":"SearchAction","target":{"@type":"EntryPoint","urlTemplate":"https:\/\/chateaudeterride.com\/?s={search_term_string}"},"query-input":"required name=search_term_string"}],"inLanguage":"en-US"},{"@type":"Organization","@id":"https:\/\/chateaudeterride.com\/#organization","name":"CHATEAU DE TERRIDE","url":"https:\/\/chateaudeterride.com\/","logo":{"@type":"ImageObject","inLanguage":"en-US","@id":"https:\/\/chateaudeterride.com\/#\/schema\/logo\/image\/","url":"https:\/\/chateaudeterride.com\/wp-content\/uploads\/2021\/12\/pistes-ok_logo2.jpg","contentUrl":"https:\/\/chateaudeterride.com\/wp-content\/uploads\/2021\/12\/pistes-ok_logo2.jpg","width":596,"height":381,"caption":"CHATEAU DE TERRIDE"},"image":{"@id":"https:\/\/chateaudeterride.com\/#\/schema\/logo\/image\/"},"sameAs":["https:\/\/www.facebook.com\/chateauterride\/","https:\/\/www.instagram.com\/chateaudeterride\/?hl=fr"]}]}},"_links":{"self":[{"href":"https:\/\/chateaudeterride.com\/en\/wp-json\/wp\/v2\/product\/3611","targetHints":{"allow":["GET"]}}],"collection":[{"href":"https:\/\/chateaudeterride.com\/en\/wp-json\/wp\/v2\/product"}],"about":[{"href":"https:\/\/chateaudeterride.com\/en\/wp-json\/wp\/v2\/types\/product"}],"replies":[{"embeddable":true,"href":"https:\/\/chateaudeterride.com\/en\/wp-json\/wp\/v2\/comments?post=3611"}],"wp:featuredmedia":[{"embeddable":true,"href":"https:\/\/chateaudeterride.com\/en\/wp-json\/wp\/v2\/media\/4276"}],"wp:attachment":[{"href":"https:\/\/chateaudeterride.com\/en\/wp-json\/wp\/v2\/media?parent=3611"}],"wp:term":[{"taxonomy":"product_cat","embeddable":true,"href":"https:\/\/chateaudeterride.com\/en\/wp-json\/wp\/v2\/product_cat?post=3611"},{"taxonomy":"product_tag","embeddable":true,"href":"https:\/\/chateaudeterride.com\/en\/wp-json\/wp\/v2\/product_tag?post=3611"}],"curies":[{"name":"wp","href":"https:\/\/api.w.org\/{rel}","templated":true}]}}